{"id":11,"date":"2022-11-28T11:12:41","date_gmt":"2022-11-28T10:12:41","guid":{"rendered":"http:\/\/zaporowski.com.pl\/?page_id=11"},"modified":"2022-11-30T09:51:29","modified_gmt":"2022-11-30T08:51:29","slug":"zaporowski-com-pl","status":"publish","type":"page","link":"https:\/\/zaporowski.com.pl\/","title":{"rendered":"Zaporowski.com.pl"},"content":{"rendered":"\n<div class=\"wp-block-kadence-image kb-image_9bb8aa-19\"><figure class=\"aligncenter size-full\"><img loading=\"lazy\" decoding=\"async\" width=\"596\" height=\"204\" src=\"https:\/\/zaporowski.com.pl\/wp-content\/uploads\/2022\/11\/wiz-www_zaporowski-01.jpg\" alt=\"\" class=\"kb-img wp-image-40\" srcset=\"https:\/\/zaporowski.com.pl\/wp-content\/uploads\/2022\/11\/wiz-www_zaporowski-01.jpg 596w, https:\/\/zaporowski.com.pl\/wp-content\/uploads\/2022\/11\/wiz-www_zaporowski-01-300x103.jpg 300w\" sizes=\"auto, (max-width: 596px) 100vw, 596px\" \/><\/figure><\/div>\n\n\n\n<div class=\"wp-block-kadence-rowlayout alignnone kvs-md-false kvs-sm-false\"><div id=\"kt-layout-id_42dff6-8b\" class=\"kt-row-layout-inner kt-layout-id_42dff6-8b\"><div class=\"kt-row-column-wrap kt-has-1-columns kt-gutter-default kt-v-gutter-default kt-row-valign-top kt-row-layout-equal kt-tab-layout-inherit kt-m-colapse-left-to-right kt-mobile-layout-row\"><style id=\"kb-column_127e1e-5b\">.kadence-column_127e1e-5b > .kt-inside-inner-col{display:flex;flex-direction:row;flex-wrap:wrap;align-items:center;justify-content:center;gap:10px;}.kadence-column_127e1e-5b > .kt-inside-inner-col > *, .kadence-column_127e1e-5b > .kt-inside-inner-col > figure.wp-block-image, .kadence-column_127e1e-5b > .kt-inside-inner-col > figure.wp-block-kadence-image{margin-top:0px;margin-bottom:0px;}.kadence-column_127e1e-5b{text-align:center;}@media all and (max-width: 767px){.kadence-column_127e1e-5b > .kt-inside-inner-col{padding-left:40px;padding-right:40px;}}<\/style>\n<div class=\"wp-block-kadence-column inner-column-1 kadence-column_127e1e-5b kb-section-dir-horizontal\"><div class=\"kt-inside-inner-col\"><style id=\"kb-advancedheading_96765a-41\">#kt-adv-heading_96765a-41, #kt-adv-heading_96765a-41 .wp-block-kadence-advancedheading, .wp-block-kadence-advancedheading.kt-adv-heading_96765a-41[data-kb-block=\"kb-adv-heading_96765a-41\"], .kadence-advanced-heading-wrapper .kt-adv-heading_96765a-41[data-kb-block=\"kb-adv-heading_96765a-41\"]{text-align:right;font-size:14px;}#kt-adv-heading_96765a-41 mark, #kt-adv-heading_96765a-41 .wp-block-kadence-advancedheading mark, .kt-adv-heading_96765a-41[data-kb-block=\"kb-adv-heading_96765a-41\"] mark{padding:0px 0px 0px 0px;}@media all and (max-width: 767px){#kt-adv-heading_96765a-41, #kt-adv-heading_96765a-41 .wp-block-kadence-advancedheading, .wp-block-kadence-advancedheading.kt-adv-heading_96765a-41[data-kb-block=\"kb-adv-heading_96765a-41\"], .kadence-advanced-heading-wrapper .kt-adv-heading_96765a-41[data-kb-block=\"kb-adv-heading_96765a-41\"]{text-align:center!important;}}<\/style>\n<h2 class=\"kt-adv-heading_96765a-41 wp-block-kadence-advancedheading\" data-kb-block=\"kb-adv-heading_96765a-41\">Pawe\u0142 Zaporowski <\/h2>\n\n\n<style id=\"kb-advancedheading_c84be2-35\">#kt-adv-heading_c84be2-35, #kt-adv-heading_c84be2-35 .wp-block-kadence-advancedheading, .wp-block-kadence-advancedheading.kt-adv-heading_c84be2-35[data-kb-block=\"kb-adv-heading_c84be2-35\"], .kadence-advanced-heading-wrapper .kt-adv-heading_c84be2-35[data-kb-block=\"kb-adv-heading_c84be2-35\"]{text-align:left;font-size:14px;font-weight:300;font-family:Montserrat;}#kt-adv-heading_c84be2-35 mark, #kt-adv-heading_c84be2-35 .wp-block-kadence-advancedheading mark, .kt-adv-heading_c84be2-35[data-kb-block=\"kb-adv-heading_c84be2-35\"] mark{padding:0px 0px 0px 0px;}@media all and (max-width: 767px){#kt-adv-heading_c84be2-35, #kt-adv-heading_c84be2-35 .wp-block-kadence-advancedheading, .wp-block-kadence-advancedheading.kt-adv-heading_c84be2-35[data-kb-block=\"kb-adv-heading_c84be2-35\"], .kadence-advanced-heading-wrapper .kt-adv-heading_c84be2-35[data-kb-block=\"kb-adv-heading_c84be2-35\"]{text-align:center!important;}}<\/style>\n<h2 class=\"kt-adv-heading_c84be2-35 wp-block-kadence-advancedheading\" data-kb-block=\"kb-adv-heading_c84be2-35\">ul. Po\u0142udniowa 34; 32\u2010089 B\u0119b\u0142o NIP: 5130237499<\/h2>\n<\/div><\/div>\n<\/div><\/div><\/div>\n\n\n<style id=\"kb-rowlayout_184254-57\">#kt-layout-id_184254-57{margin-top:0px;margin-bottom:0px;}#kt-layout-id_184254-57 .kt-row-layout-bottom-sep{height:0px;}#kt-layout-id_184254-57 > .kt-row-column-wrap{padding-top:0px;padding-bottom:0px;}<\/style>\n<div class=\"wp-block-kadence-rowlayout alignnone kvs-md-false kvs-sm-false\"><div id=\"kt-layout-id_184254-57\" class=\"kt-row-layout-inner kt-layout-id_184254-57\"><div class=\"kt-row-column-wrap kt-has-1-columns kt-gutter-default kt-v-gutter-default kt-row-valign-top kt-row-layout-equal kt-tab-layout-inherit kt-m-colapse-left-to-right kt-mobile-layout-row\"><style id=\"kb-column_bfeded-ac\">.kadence-column_bfeded-ac > .kt-inside-inner-col{padding-top:0px;padding-bottom:0px;}.wp-block-kadence-column.kadence-column_bfeded-ac > .kt-inside-inner-col{margin-top:0px;margin-bottom:0px;}.kadence-column_bfeded-ac > .kt-inside-inner-col{display:flex;flex-direction:row;flex-wrap:wrap;align-items:center;justify-content:center;gap:10px;}.kadence-column_bfeded-ac > .kt-inside-inner-col > *, .kadence-column_bfeded-ac > .kt-inside-inner-col > figure.wp-block-image, .kadence-column_bfeded-ac > .kt-inside-inner-col > figure.wp-block-kadence-image{margin-top:0px;margin-bottom:0px;}.kadence-column_bfeded-ac{text-align:center;}@media all and (max-width: 767px){.kadence-column_bfeded-ac > .kt-inside-inner-col{padding-left:40px;padding-right:40px;}}<\/style>\n<div class=\"wp-block-kadence-column inner-column-1 kadence-column_bfeded-ac kvs-md-false kvs-sm-false kb-section-dir-horizontal\"><div class=\"kt-inside-inner-col\"><style id=\"kb-advancedheading_7e98ec-78\">#kt-adv-heading_7e98ec-78, #kt-adv-heading_7e98ec-78 .wp-block-kadence-advancedheading, .wp-block-kadence-advancedheading.kt-adv-heading_7e98ec-78[data-kb-block=\"kb-adv-heading_7e98ec-78\"], .kadence-advanced-heading-wrapper .kt-adv-heading_7e98ec-78[data-kb-block=\"kb-adv-heading_7e98ec-78\"]{text-align:right;font-size:14px;}#kt-adv-heading_7e98ec-78 mark, #kt-adv-heading_7e98ec-78 .wp-block-kadence-advancedheading mark, .kt-adv-heading_7e98ec-78[data-kb-block=\"kb-adv-heading_7e98ec-78\"] mark{padding:0px 0px 0px 0px;}@media all and (max-width: 767px){#kt-adv-heading_7e98ec-78, #kt-adv-heading_7e98ec-78 .wp-block-kadence-advancedheading, .wp-block-kadence-advancedheading.kt-adv-heading_7e98ec-78[data-kb-block=\"kb-adv-heading_7e98ec-78\"], .kadence-advanced-heading-wrapper .kt-adv-heading_7e98ec-78[data-kb-block=\"kb-adv-heading_7e98ec-78\"]{text-align:center!important;}}<\/style>\n<h2 class=\"kt-adv-heading_7e98ec-78 wp-block-kadence-advancedheading\" data-kb-block=\"kb-adv-heading_7e98ec-78\">kontakt<\/h2>\n\n\n<style id=\"kb-advancedheading_adb76f-d2\">#kt-adv-heading_adb76f-d2, #kt-adv-heading_adb76f-d2 .wp-block-kadence-advancedheading, .wp-block-kadence-advancedheading.kt-adv-heading_adb76f-d2[data-kb-block=\"kb-adv-heading_adb76f-d2\"], .kadence-advanced-heading-wrapper .kt-adv-heading_adb76f-d2[data-kb-block=\"kb-adv-heading_adb76f-d2\"]{text-align:left;font-size:14px;font-weight:300;font-family:Montserrat;}#kt-adv-heading_adb76f-d2 mark, #kt-adv-heading_adb76f-d2 .wp-block-kadence-advancedheading mark, .kt-adv-heading_adb76f-d2[data-kb-block=\"kb-adv-heading_adb76f-d2\"] mark{padding:0px 0px 0px 0px;}@media all and (max-width: 767px){#kt-adv-heading_adb76f-d2, #kt-adv-heading_adb76f-d2 .wp-block-kadence-advancedheading, .wp-block-kadence-advancedheading.kt-adv-heading_adb76f-d2[data-kb-block=\"kb-adv-heading_adb76f-d2\"], .kadence-advanced-heading-wrapper .kt-adv-heading_adb76f-d2[data-kb-block=\"kb-adv-heading_adb76f-d2\"]{text-align:center!important;}}<\/style>\n<h2 class=\"kt-adv-heading_adb76f-d2 wp-block-kadence-advancedheading\" data-kb-block=\"kb-adv-heading_adb76f-d2\"><a href=\"mailto:biuro@zaporowski.com.pl\">biuro@zaporowski.com.pl<\/a>&nbsp;&nbsp;tel. 516 305 134<\/h2>\n<\/div><\/div>\n<\/div><\/div><\/div>\n\n\n<style id=\"kb-rowlayout_83c881-94\">#kt-layout-id_83c881-94 > .kt-row-column-wrap.kb-theme-content-width{max-width:1290px;}.kt-layout-id_83c881-94 > .kb-theme-content-width{padding-left:var(--global-content-edge-padding);padding-right:var(--global-content-edge-padding);}<\/style>\n<div class=\"wp-block-kadence-rowlayout alignnone\"><div id=\"kt-layout-id_83c881-94\" class=\"kt-row-layout-inner kt-layout-id_83c881-94\"><div class=\"kt-row-column-wrap kt-has-1-columns kt-gutter-default kt-v-gutter-default kt-row-valign-top kt-row-layout-equal kt-tab-layout-inherit kt-m-colapse-left-to-right kt-mobile-layout-row kb-theme-content-width\">\n<div class=\"wp-block-kadence-column inner-column-1 kadence-column_e517b5-4a kvs-lg-false\"><div class=\"kt-inside-inner-col\"><style id=\"kb-advancedheading_615329-cc\">#kt-adv-heading_615329-cc, #kt-adv-heading_615329-cc .wp-block-kadence-advancedheading, .wp-block-kadence-advancedheading.kt-adv-heading_615329-cc[data-kb-block=\"kb-adv-heading_615329-cc\"], .kadence-advanced-heading-wrapper .kt-adv-heading_615329-cc[data-kb-block=\"kb-adv-heading_615329-cc\"]{text-align:center;font-size:14px;}#kt-adv-heading_615329-cc mark, #kt-adv-heading_615329-cc .wp-block-kadence-advancedheading mark, .kt-adv-heading_615329-cc[data-kb-block=\"kb-adv-heading_615329-cc\"] mark{padding:0px 0px 0px 0px;}@media all and (max-width: 767px){#kt-adv-heading_615329-cc, #kt-adv-heading_615329-cc .wp-block-kadence-advancedheading, .wp-block-kadence-advancedheading.kt-adv-heading_615329-cc[data-kb-block=\"kb-adv-heading_615329-cc\"], .kadence-advanced-heading-wrapper .kt-adv-heading_615329-cc[data-kb-block=\"kb-adv-heading_615329-cc\"]{text-align:center!important;}}<\/style>\n<h2 class=\"kt-adv-heading_615329-cc wp-block-kadence-advancedheading\" data-kb-block=\"kb-adv-heading_615329-cc\">Pawe\u0142 Zaporowski <\/h2>\n\n\n<style id=\"kb-advancedheading_618671-1d\">#kt-adv-heading_618671-1d, #kt-adv-heading_618671-1d .wp-block-kadence-advancedheading, .wp-block-kadence-advancedheading.kt-adv-heading_618671-1d[data-kb-block=\"kb-adv-heading_618671-1d\"], .kadence-advanced-heading-wrapper .kt-adv-heading_618671-1d[data-kb-block=\"kb-adv-heading_618671-1d\"]{text-align:center;font-size:14px;font-weight:300;font-family:Montserrat;}#kt-adv-heading_618671-1d mark, #kt-adv-heading_618671-1d .wp-block-kadence-advancedheading mark, .kt-adv-heading_618671-1d[data-kb-block=\"kb-adv-heading_618671-1d\"] mark{padding:0px 0px 0px 0px;}@media all and (max-width: 767px){#kt-adv-heading_618671-1d, #kt-adv-heading_618671-1d .wp-block-kadence-advancedheading, .wp-block-kadence-advancedheading.kt-adv-heading_618671-1d[data-kb-block=\"kb-adv-heading_618671-1d\"], .kadence-advanced-heading-wrapper .kt-adv-heading_618671-1d[data-kb-block=\"kb-adv-heading_618671-1d\"]{line-height:13px;text-align:center!important;}}<\/style>\n<h2 class=\"kt-adv-heading_618671-1d wp-block-kadence-advancedheading\" data-kb-block=\"kb-adv-heading_618671-1d\"><a href=\"mailto:biuro@zaporowski.com.pl\">ul. Po\u0142udniowa 34; 32\u2010089 B\u0119b\u0142o <\/a><\/h2>\n\n\n<style id=\"kb-advancedheading_5f64fe-91\">#kt-adv-heading_5f64fe-91, #kt-adv-heading_5f64fe-91 .wp-block-kadence-advancedheading, .wp-block-kadence-advancedheading.kt-adv-heading_5f64fe-91[data-kb-block=\"kb-adv-heading_5f64fe-91\"], .kadence-advanced-heading-wrapper .kt-adv-heading_5f64fe-91[data-kb-block=\"kb-adv-heading_5f64fe-91\"]{text-align:center;font-size:14px;font-weight:300;font-family:Montserrat;}#kt-adv-heading_5f64fe-91 mark, #kt-adv-heading_5f64fe-91 .wp-block-kadence-advancedheading mark, .kt-adv-heading_5f64fe-91[data-kb-block=\"kb-adv-heading_5f64fe-91\"] mark{padding:0px 0px 0px 0px;}@media all and (max-width: 767px){#kt-adv-heading_5f64fe-91, #kt-adv-heading_5f64fe-91 .wp-block-kadence-advancedheading, .wp-block-kadence-advancedheading.kt-adv-heading_5f64fe-91[data-kb-block=\"kb-adv-heading_5f64fe-91\"], .kadence-advanced-heading-wrapper .kt-adv-heading_5f64fe-91[data-kb-block=\"kb-adv-heading_5f64fe-91\"]{line-height:13px;text-align:center!important;}}<\/style>\n<h2 class=\"kt-adv-heading_5f64fe-91 wp-block-kadence-advancedheading\" data-kb-block=\"kb-adv-heading_5f64fe-91\">NIP: 5130237499<\/h2>\n<\/div><\/div>\n<\/div><\/div><\/div>\n\n\n<style id=\"kb-rowlayout_978bc3-28\">#kt-layout-id_978bc3-28 > .kt-row-column-wrap.kb-theme-content-width{max-width:1290px;}.kt-layout-id_978bc3-28 > .kb-theme-content-width{padding-left:var(--global-content-edge-padding);padding-right:var(--global-content-edge-padding);}<\/style>\n<div class=\"wp-block-kadence-rowlayout alignnone\"><div id=\"kt-layout-id_978bc3-28\" class=\"kt-row-layout-inner kt-layout-id_978bc3-28\"><div class=\"kt-row-column-wrap kt-has-1-columns kt-gutter-default kt-v-gutter-default kt-row-valign-top kt-row-layout-equal kt-tab-layout-inherit kt-m-colapse-left-to-right kt-mobile-layout-row kb-theme-content-width\">\n<div class=\"wp-block-kadence-column inner-column-1 kadence-column_ecb571-b5 kvs-lg-false\"><div class=\"kt-inside-inner-col\"><style id=\"kb-advancedheading_1a0159-9e\">#kt-adv-heading_1a0159-9e, #kt-adv-heading_1a0159-9e .wp-block-kadence-advancedheading, .wp-block-kadence-advancedheading.kt-adv-heading_1a0159-9e[data-kb-block=\"kb-adv-heading_1a0159-9e\"], .kadence-advanced-heading-wrapper .kt-adv-heading_1a0159-9e[data-kb-block=\"kb-adv-heading_1a0159-9e\"]{text-align:center;font-size:14px;}#kt-adv-heading_1a0159-9e mark, #kt-adv-heading_1a0159-9e .wp-block-kadence-advancedheading mark, .kt-adv-heading_1a0159-9e[data-kb-block=\"kb-adv-heading_1a0159-9e\"] mark{padding:0px 0px 0px 0px;}@media all and (max-width: 767px){#kt-adv-heading_1a0159-9e, #kt-adv-heading_1a0159-9e .wp-block-kadence-advancedheading, .wp-block-kadence-advancedheading.kt-adv-heading_1a0159-9e[data-kb-block=\"kb-adv-heading_1a0159-9e\"], .kadence-advanced-heading-wrapper .kt-adv-heading_1a0159-9e[data-kb-block=\"kb-adv-heading_1a0159-9e\"]{text-align:center!important;}}<\/style>\n<h2 class=\"kt-adv-heading_1a0159-9e wp-block-kadence-advancedheading\" data-kb-block=\"kb-adv-heading_1a0159-9e\">kontakt<\/h2>\n\n\n<style id=\"kb-advancedheading_49f7b6-0e\">#kt-adv-heading_49f7b6-0e, #kt-adv-heading_49f7b6-0e .wp-block-kadence-advancedheading, .wp-block-kadence-advancedheading.kt-adv-heading_49f7b6-0e[data-kb-block=\"kb-adv-heading_49f7b6-0e\"], .kadence-advanced-heading-wrapper .kt-adv-heading_49f7b6-0e[data-kb-block=\"kb-adv-heading_49f7b6-0e\"]{text-align:center;font-size:14px;font-weight:300;font-family:Montserrat;}#kt-adv-heading_49f7b6-0e mark, #kt-adv-heading_49f7b6-0e .wp-block-kadence-advancedheading mark, .kt-adv-heading_49f7b6-0e[data-kb-block=\"kb-adv-heading_49f7b6-0e\"] mark{padding:0px 0px 0px 0px;}@media all and (max-width: 767px){#kt-adv-heading_49f7b6-0e, #kt-adv-heading_49f7b6-0e .wp-block-kadence-advancedheading, .wp-block-kadence-advancedheading.kt-adv-heading_49f7b6-0e[data-kb-block=\"kb-adv-heading_49f7b6-0e\"], .kadence-advanced-heading-wrapper .kt-adv-heading_49f7b6-0e[data-kb-block=\"kb-adv-heading_49f7b6-0e\"]{line-height:13px;text-align:center!important;}}<\/style>\n<h2 class=\"kt-adv-heading_49f7b6-0e wp-block-kadence-advancedheading\" data-kb-block=\"kb-adv-heading_49f7b6-0e\"><a href=\"mailto:biuro@zaporowski.com.pl\">biuro@zaporowski.com.pl<\/a>&nbsp;<\/h2>\n\n\n<style id=\"kb-advancedheading_d51e1b-92\">#kt-adv-heading_d51e1b-92, #kt-adv-heading_d51e1b-92 .wp-block-kadence-advancedheading, .wp-block-kadence-advancedheading.kt-adv-heading_d51e1b-92[data-kb-block=\"kb-adv-heading_d51e1b-92\"], .kadence-advanced-heading-wrapper .kt-adv-heading_d51e1b-92[data-kb-block=\"kb-adv-heading_d51e1b-92\"]{text-align:center;font-size:14px;font-weight:300;font-family:Montserrat;}#kt-adv-heading_d51e1b-92 mark, #kt-adv-heading_d51e1b-92 .wp-block-kadence-advancedheading mark, .kt-adv-heading_d51e1b-92[data-kb-block=\"kb-adv-heading_d51e1b-92\"] mark{padding:0px 0px 0px 0px;}@media all and (max-width: 767px){#kt-adv-heading_d51e1b-92, #kt-adv-heading_d51e1b-92 .wp-block-kadence-advancedheading, .wp-block-kadence-advancedheading.kt-adv-heading_d51e1b-92[data-kb-block=\"kb-adv-heading_d51e1b-92\"], .kadence-advanced-heading-wrapper .kt-adv-heading_d51e1b-92[data-kb-block=\"kb-adv-heading_d51e1b-92\"]{line-height:13px;text-align:center!important;}}<\/style>\n<h2 class=\"kt-adv-heading_d51e1b-92 wp-block-kadence-advancedheading\" data-kb-block=\"kb-adv-heading_d51e1b-92\">tel. 516 305 134<\/h2>\n<\/div><\/div>\n<\/div><\/div><\/div>\n","protected":false},"excerpt":{"rendered":"<p>Pawe\u0142 Zaporowski ul. Po\u0142udniowa 34; 32\u2010089 B\u0119b\u0142o NIP: 5130237499 kontakt biuro@zaporowski.com.pl&nbsp;&nbsp;tel. 516 305 134 Pawe\u0142 Zaporowski ul. Po\u0142udniowa 34; 32\u2010089 B\u0119b\u0142o NIP: 5130237499 kontakt biuro@zaporowski.com.pl&nbsp; tel. 516 305 134<\/p>\n","protected":false},"author":1,"featured_media":0,"parent":0,"menu_order":0,"comment_status":"closed","ping_status":"closed","template":"","meta":{"_kad_post_transparent":"","_kad_post_title":"","_kad_post_layout":"","_kad_post_sidebar_id":"","_kad_post_content_style":"","_kad_post_vertical_padding":"","_kad_post_feature":"","_kad_post_feature_position":"","_kad_post_header":false,"_kad_post_footer":false,"footnotes":""},"class_list":["post-11","page","type-page","status-publish","hentry"],"_links":{"self":[{"href":"https:\/\/zaporowski.com.pl\/index.php\/wp-json\/wp\/v2\/pages\/11","targetHints":{"allow":["GET"]}}],"collection":[{"href":"https:\/\/zaporowski.com.pl\/index.php\/wp-json\/wp\/v2\/pages"}],"about":[{"href":"https:\/\/zaporowski.com.pl\/index.php\/wp-json\/wp\/v2\/types\/page"}],"author":[{"embeddable":true,"href":"https:\/\/zaporowski.com.pl\/index.php\/wp-json\/wp\/v2\/users\/1"}],"replies":[{"embeddable":true,"href":"https:\/\/zaporowski.com.pl\/index.php\/wp-json\/wp\/v2\/comments?post=11"}],"version-history":[{"count":36,"href":"https:\/\/zaporowski.com.pl\/index.php\/wp-json\/wp\/v2\/pages\/11\/revisions"}],"predecessor-version":[{"id":63,"href":"https:\/\/zaporowski.com.pl\/index.php\/wp-json\/wp\/v2\/pages\/11\/revisions\/63"}],"wp:attachment":[{"href":"https:\/\/zaporowski.com.pl\/index.php\/wp-json\/wp\/v2\/media?parent=11"}],"curies":[{"name":"wp","href":"https:\/\/api.w.org\/{rel}","templated":true}]}}